{"id":899,"date":"2022-02-01T13:39:25","date_gmt":"2022-02-01T12:39:25","guid":{"rendered":"https:\/\/dev.pay-system.eu\/jak-spravovat-soubory-cookie\/"},"modified":"2022-03-11T11:39:22","modified_gmt":"2022-03-11T10:39:22","slug":"jak-zarzadzac-cookies","status":"publish","type":"page","link":"https:\/\/dev.pay-system.eu\/pl\/jak-zarzadzac-cookies\/","title":{"rendered":"JAK ZARZ\u0104DZA\u0106 COOKIES?"},"content":{"rendered":"\n<h3 class=\"wp-block-heading\">Usu\u0144 pliki cookie ze swojego urz\u0105dzenia<\/h3>\n\n\n\n<p>Vymaz\u00e1n\u00edm historie prohl\u00ed\u017een\u00ed ve sv\u00e9m prohl\u00ed\u017ee\u010di m\u016f\u017eete odstranit v\u0161echny soubory cookie, kter\u00e9 se ve va\u0161em za\u0159\u00edzen\u00ed jUsuwaj\u0105c histori\u0119 przegl\u0105dania w przegl\u0105darce, mo\u017cesz usun\u0105\u0107 wszystkie pliki cookie, kt\u00f3re znajduj\u0105 si\u0119 ju\u017c na Twoim urz\u0105dzeniu. Spowoduje to usuni\u0119cie wszystkich plik\u00f3w cookie ze wszystkich odwiedzanych witryn. Nale\u017cy jednak pami\u0119ta\u0107, \u017ce mo\u017cesz r\u00f3wnie\u017c utraci\u0107 niekt\u00f3re zapisane informacje (takie jak zapisane dane logowania, preferencje witryny itp.).<\/p>\n\n\n\n<h3 class=\"wp-block-heading\">Zarz\u0105dzaj plikami cookies, kt\u00f3re s\u0105 specyficzne dla danej witryny<\/h3>\n\n\n\n<p>Aby uzyska\u0107 bardziej szczeg\u00f3\u0142owe informacje o plikach cookie, kt\u00f3re s\u0105 specyficzne dla danej witryny, sprawd\u017a ustawienia prywatno\u015bci i plik\u00f3w cookie w ulubionej przegl\u0105darce.<\/p>\n\n\n\n<h3 class=\"wp-block-heading\">Blokowanie plik\u00f3w cookie<\/h3>\n\n\n\n<p>Wi\u0119kszo\u015b\u0107 nowoczesnych przegl\u0105darek mo\u017cna ustawi\u0107 tak, aby uniemo\u017cliwi\u0107 przechowywanie wszystkich plik\u00f3w cookie na urz\u0105dzeniu; W takim przypadku b\u0119dziesz jednak musia\u0142 r\u0119cznie dostosowywa\u0107 niekt\u00f3re preferencje za ka\u017cdym razem, gdy odwiedzasz witryn\u0119. Ponadto niekt\u00f3re us\u0142ugi i funkcje mog\u0105 w og\u00f3le nie dzia\u0142a\u0107 poprawnie (np. logowanie do profilu).<\/p>\n","protected":false},"excerpt":{"rendered":"<p>Usu\u0144 pliki cookie ze swojego urz\u0105dzenia Vymaz\u00e1n\u00edm historie prohl\u00ed\u017een\u00ed ve sv\u00e9m prohl\u00ed\u017ee\u010di m\u016f\u017eete odstranit v\u0161echny soubory cookie, kter\u00e9 se ve va\u0161em za\u0159\u00edzen\u00ed jUsuwaj\u0105c histori\u0119 przegl\u0105dania w przegl\u0105darce, mo\u017cesz usun\u0105\u0107 wszystkie pliki cookie, kt\u00f3re znajduj\u0105 si\u0119 ju\u017c na Twoim urz\u0105dzeniu. Spowoduje to usuni\u0119cie wszystkich plik\u00f3w cookie ze wszystkich odwiedzanych witryn. Nale\u017cy jednak pami\u0119ta\u0107, \u017ce mo\u017cesz r\u00f3wnie\u017c [&hellip;]<\/p>\n","protected":false},"author":3,"featured_media":566,"parent":0,"menu_order":0,"comment_status":"closed","ping_status":"closed","template":"post.php","meta":{"footnotes":""},"acf":[],"_links":{"self":[{"href":"https:\/\/dev.pay-system.eu\/pl\/wp-json\/wp\/v2\/pages\/899"}],"collection":[{"href":"https:\/\/dev.pay-system.eu\/pl\/wp-json\/wp\/v2\/pages"}],"about":[{"href":"https:\/\/dev.pay-system.eu\/pl\/wp-json\/wp\/v2\/types\/page"}],"author":[{"embeddable":true,"href":"https:\/\/dev.pay-system.eu\/pl\/wp-json\/wp\/v2\/users\/3"}],"replies":[{"embeddable":true,"href":"https:\/\/dev.pay-system.eu\/pl\/wp-json\/wp\/v2\/comments?post=899"}],"version-history":[{"count":1,"href":"https:\/\/dev.pay-system.eu\/pl\/wp-json\/wp\/v2\/pages\/899\/revisions"}],"predecessor-version":[{"id":901,"href":"https:\/\/dev.pay-system.eu\/pl\/wp-json\/wp\/v2\/pages\/899\/revisions\/901"}],"wp:featuredmedia":[{"embeddable":true,"href":"https:\/\/dev.pay-system.eu\/pl\/wp-json\/wp\/v2\/media\/566"}],"wp:attachment":[{"href":"https:\/\/dev.pay-system.eu\/pl\/wp-json\/wp\/v2\/media?parent=899"}],"curies":[{"name":"wp","href":"https:\/\/api.w.org\/{rel}","templated":true}]}}