{"id":698,"date":"2021-11-05T08:30:13","date_gmt":"2021-11-05T07:30:13","guid":{"rendered":"https:\/\/dev.pay-system.eu\/cookies\/"},"modified":"2022-04-05T12:00:31","modified_gmt":"2022-04-05T10:00:31","slug":"jakich-plikow-cookies-uzywamy","status":"publish","type":"page","link":"https:\/\/dev.pay-system.eu\/pl\/jakich-plikow-cookies-uzywamy\/","title":{"rendered":"Jakich plik\u00f3w cookies u\u017cywamy?"},"content":{"rendered":"\n<h3 class=\"wp-block-heading\"><br>Techniczne (niezb\u0119dne):<\/h3>\n\n\n\n<p>S\u0105 to pliki cookies i podobne narz\u0119dzia, bez kt\u00f3rych nie mo\u017cesz korzysta\u0107 z naszych us\u0142ug (np. w celu wy\u015bwietlenia naszej strony\/funkcji, z kt\u00f3rych chcesz korzysta\u0107). <\/p>\n\n\n\n<p><strong>Tych plik\u00f3w cookie nie mo\u017cna wy\u0142\u0105czy\u0107.<\/strong><br><\/p>\n\n\n\n<style>\n            .kuk {\n                border: 2px solid #e4e4e4;\n                min-width: 500px;\n            }\n            .kuk th {\n                background-color: #e4e4e4;\n            }\n .kuk tr:nth-of-type(2) td{ font-weight: bold; } \n            .kuk td, .kuk th {\n                vertical-align: top;\n                border: 1px solid #e4e4e4;\n                padding: 10px;\n                line-height: 1.5;\n            }\n            \n            .sc {\n                overflow: auto;\n            }\n        <\/style>\n        <div class=\"sc\">\n                <table class=\"kuk\">\n                    <tbody><tr><th colspan=\"5\">\n                        Systemically necessary cookies\n                    <\/th>\n                    <\/tr><tr>\n                        <td>Cookie name<\/td>\n                        <td>Domain<\/td>\n                        <td>Cookie type<\/td>\n                        <td>Expiration<\/td>\n                        <td>Description<\/td>\n                    <\/tr>\n                    <tr>\n                        <td>cookies22<\/td>\n                        <td>.pay-system.eu<\/td>\n                        <td>1st party<\/td>\n                        <td>7 days<\/td>\n                        <td>Used to store guest\u00b4s consent to the use of cookies for irrelevant purposes.<\/td>\n                    <\/tr>\n                    <tr>\n                        <td>CONSENT<\/td>\n                        <td>.google.com<\/td>\n                        <td>3rd party<\/td>\n                        <td>2 years<\/td>\n                        <td>An HTTP cookie (also called web cookie, Internet cookie, browser cookie, or simply cookie) is a small piece of data sent from a website and stored on the user&#8217;s computer by the user&#8217;s web browser while the user is browsing. Cookies were designed to be a reliable mechanism for websites to remember stateful information (such as items added in the shopping cart in an online store) or to record the user&#8217;s browsing activity (including clicking particular buttons, logging in, or recording which pages were visited in the past). They can also be used to remember arbitrary pieces of information that the user previously entered into form fields such as names, addresses, passwords, and credit card numbers..<\/td>\n                    <\/tr>\n                 \n                <\/tbody><\/table>\n<\/div>\n\n\n\n<!--<div><a style=\"font-size:13px!important;margin: 10px;color: white!important;\" href=\"javascript:agree(0);\" class=\"more noicon\">Povoli\u0165<\/a> <a style=\"font-size:13px!important;margin: 10px;color: white!important;\" href=\"javascript:agree(1);\" class=\"more noicon\">Zak\u00e1za\u0165<\/a><\/div>-->\n\n\n\n<p><\/p>\n\n\n\n<p> <a href=\"https:\/\/dev.pay-system.eu\/pl\/jak-zarzadzac-cookies\/\" data-type=\"page\" data-id=\"899\">JAK ZARZ\u0104DZA\u0106 COOKIES?<\/a><\/p>\n\n\n\n<p><\/p>\n","protected":false},"excerpt":{"rendered":"<p>Techniczne (niezb\u0119dne): S\u0105 to pliki cookies i podobne narz\u0119dzia, bez kt\u00f3rych nie mo\u017cesz korzysta\u0107 z naszych us\u0142ug (np. w celu wy\u015bwietlenia naszej strony\/funkcji, z kt\u00f3rych chcesz korzysta\u0107). Tych plik\u00f3w cookie nie mo\u017cna wy\u0142\u0105czy\u0107. Systemically necessary cookies Cookie name Domain Cookie type Expiration Description cookies22 .pay-system.eu 1st party 7 days Used to store guest\u00b4s consent to [&hellip;]<\/p>\n","protected":false},"author":3,"featured_media":515,"parent":0,"menu_order":0,"comment_status":"closed","ping_status":"closed","template":"post.php","meta":{"footnotes":""},"acf":[],"_links":{"self":[{"href":"https:\/\/dev.pay-system.eu\/pl\/wp-json\/wp\/v2\/pages\/698"}],"collection":[{"href":"https:\/\/dev.pay-system.eu\/pl\/wp-json\/wp\/v2\/pages"}],"about":[{"href":"https:\/\/dev.pay-system.eu\/pl\/wp-json\/wp\/v2\/types\/page"}],"author":[{"embeddable":true,"href":"https:\/\/dev.pay-system.eu\/pl\/wp-json\/wp\/v2\/users\/3"}],"replies":[{"embeddable":true,"href":"https:\/\/dev.pay-system.eu\/pl\/wp-json\/wp\/v2\/comments?post=698"}],"version-history":[{"count":8,"href":"https:\/\/dev.pay-system.eu\/pl\/wp-json\/wp\/v2\/pages\/698\/revisions"}],"predecessor-version":[{"id":931,"href":"https:\/\/dev.pay-system.eu\/pl\/wp-json\/wp\/v2\/pages\/698\/revisions\/931"}],"wp:featuredmedia":[{"embeddable":true,"href":"https:\/\/dev.pay-system.eu\/pl\/wp-json\/wp\/v2\/media\/515"}],"wp:attachment":[{"href":"https:\/\/dev.pay-system.eu\/pl\/wp-json\/wp\/v2\/media?parent=698"}],"curies":[{"name":"wp","href":"https:\/\/api.w.org\/{rel}","templated":true}]}}